{"id":792,"date":"2017-05-01T12:22:54","date_gmt":"2017-05-01T11:22:54","guid":{"rendered":"http:\/\/gilitadas.com\/blog\/?page_id=792"},"modified":"2020-12-15T19:17:01","modified_gmt":"2020-12-15T18:17:01","slug":"mis-trabajos-de-impresion-3d","status":"publish","type":"page","link":"http:\/\/gilitadas.com\/blog\/mis-trabajos-de-impresion-3d\/","title":{"rendered":"Mis trabajos de Impresi\u00f3n 3D"},"content":{"rendered":"<div class=\"wpb-content-wrapper\"><p>[vc_row bg_type=\u00bbbg_color\u00bb bg_color_value=\u00bb#eaeaea\u00bb][vc_column width=\u00bb1\/2&#8243;][vc_column_text]En esta p\u00e1gina ir\u00e9 colocando algunos ejemplos de impresiones interesantes o que considere tienen cierta relevancia. No obstante si quer\u00e9is ver muchos m\u00e1s trabajos, desde los sencillos a los m\u00e1s complicados, y de forma m\u00e1s din\u00e1mica, pod\u00e9is seguir mis publicaciones en las redes sociales pulsando en los enlaces de la derecha.[\/vc_column_text][\/vc_column][vc_column width=\u00bb1\/2&#8243;]<div class=\"uavc-list-icon uavc-list-icon-wrapper ult-adjust-bottom-margin   \"><ul class=\"uavc-list\"><li><div class=\"uavc-list-content\" id=\"list-icon-wrap-4203\">\n<div class=\"uavc-list-icon  \" data-animation=\"\" data-animation-delay=\"03\" style=\"margin-right:20px;\"><div class=\"ult-just-icon-wrapper  \"><div class=\"align-icon\" style=\"text-align:center;\">\n<div class=\"aio-icon square \"  style=\"color:#1e73be;background:#ffffff;font-size:32px;display:inline-block;\">\n\t<i class=\"Defaults-facebook-square\"><\/i>\n<\/div><\/div><\/div>\n<\/div><span  data-ultimate-target='#list-icon-wrap-4203 .uavc-list-desc'  data-responsive-json-new='{\"font-size\":\"\",\"line-height\":\"\"}'  class=\"uavc-list-desc ult-responsive\" style=\"font-family:&#039;Roboto&#039;;\"><a href=\"https:\/\/www.facebook.com\/Gilitadas3D\" target=\"_blank\" rel=\"noopener noreferrer\">P\u00e1gina de Gilitadas en Facebook<\/a><\/span><\/div><\/li><li><div class=\"uavc-list-content\" id=\"list-icon-wrap-2253\">\n<div class=\"uavc-list-icon  \" data-animation=\"\" data-animation-delay=\"03\" style=\"margin-right:20px;\"><div class=\"ult-just-icon-wrapper  \"><div class=\"align-icon\" style=\"text-align:center;\">\n<div class=\"aio-icon square \"  style=\"color:#e83535;background:#ffffff;font-size:32px;display:inline-block;\">\n\t<i class=\"Defaults-instagram\"><\/i>\n<\/div><\/div><\/div>\n<\/div><span  data-ultimate-target='#list-icon-wrap-2253 .uavc-list-desc'  data-responsive-json-new='{\"font-size\":\"\",\"line-height\":\"\"}'  class=\"uavc-list-desc ult-responsive\" style=\"\"><a href=\"https:\/\/www.instagram.com\/gilitadas\/\" target=\"_blank\" rel=\"noopener noreferrer\">Perfil de Gilitadas en Instagram<\/a><\/span><\/div><\/li><\/ul><\/div>[\/vc_column][\/vc_row][vc_row el_id=\u00bblogoprusa\u00bb][vc_column width=\u00bb1\/2&#8243;][vc_custom_heading text=\u00bbLogotipo Prusa\u00bb font_container=\u00bbtag:h4|text_align:left\u00bb use_theme_fonts=\u00bbyes\u00bb][vc_column_text]Esta fue la primera pieza que sali\u00f3 de mi impresora 3D. Una vez calibrada y ajustada ejecut\u00e9 la impresi\u00f3n de este logotipo de la marca. La prueba de fuego para comprobar que todo estaba en perfectas condiciones e iniciar su vida \u00fatil.<\/p>\n<p>La primera impresi\u00f3n (m\u00eda, no 3D&#8230;) fue de sorpresa, no esperaba que fuera tan precisa a la hora de moverse y de depositar material. Era una prueba muy b\u00e1sica, as\u00ed que el resultado era esperanzador para acometer otras obras m\u00e1s importantes.<\/p>\n<p>Otra cosa que me llam\u00f3 la atenci\u00f3n fue el \u00abcanturreo\u00bb de los motores movi\u00e9ndose r\u00e1pidamente para generar las formas precisas de las letras. Nunca hab\u00eda escuchado\u00a0una impresora 3D, el sonido es peculiar. Lo puedes oir\u00a0en el v\u00eddeo que grab\u00e9 de tan marcado acontecimiento \u00a0:)[\/vc_column_text][vc_column_text css=\u00bb.vc_custom_1494434322568{background-color: #dbdbdb !important;border-radius: 15px !important;}\u00bb]<\/p>\n<ul>\n<li>Material: <strong>PLA<\/strong> (el de regalo de Prusa)<\/li>\n<li>Resoluci\u00f3n: <strong>0.20 mm<\/strong><\/li>\n<li>Tiempo: aproximadamente <strong>20 minutos<\/strong>.<\/li>\n<\/ul>\n<p>[\/vc_column_text][\/vc_column][vc_column width=\u00bb1\/2&#8243;][vc_single_image image=\u00bb795&#8243; img_size=\u00bblarge\u00bb alignment=\u00bbcenter\u00bb onclick=\u00bblink_image\u00bb][vc_video link=\u00bbhttps:\/\/youtu.be\/Roia5DPbt7I\u00bb align=\u00bbcenter\u00bb][\/vc_column][\/vc_row][vc_row equal_height=\u00bbyes\u00bb bg_type=\u00bbbg_color\u00bb seperator_enable=\u00bbseperator_enable_value\u00bb seperator_type=\u00bbxlarge_circle_seperator\u00bb seperator_svg_height=\u00bb60&#8243; seperator_shape_background=\u00bb#f9f9f9&#8243; css=\u00bb.vc_custom_1504214931994{background-color: #f4f4f4 !important;}\u00bb bg_color_value=\u00bb#eaeaea\u00bb el_id=\u00bbcajalna\u00bb][vc_column width=\u00bb1\/2&#8243;][vc_gallery interval=\u00bb5&#8243; images=\u00bb812,809,810,811&#8243; img_size=\u00bbmedium\u00bb][\/vc_column][vc_column width=\u00bb1\/2&#8243;][vc_custom_heading text=\u00bbCaja para amplificador LNA4ALL\u00bb font_container=\u00bbtag:h4|text_align:right\u00bb use_theme_fonts=\u00bbyes\u00bb][vc_column_text]Esta pieza fue mi segundo trabajo de impresi\u00f3n 3D. Se trata de una simple caja para contener un LNA (amplificador de antena de bajo ruido), lo sirven \u00abdesnudo\u00bb y yo he querido protegerlo un poco. Es un trabajo sencillo pero para mi tiene algo muy especial: es mi primera pieza hecha desde cero. Pensada, dise\u00f1ada, modelada en 3D e impresa \u00edntegramente por mi. As\u00ed que cuando la vi nacer sobre la cama de trabajo, la compra de la impresora cobr\u00f3 todo el sentido del mundo.[\/vc_column_text][vc_column_text css=\u00bb.vc_custom_1576259867138{background-color: #dbdbdb !important;border-radius: 15px !important;}\u00bb]<\/p>\n<ul>\n<li>Material: <strong>PLA<\/strong> (el de regalo de Prusa)<\/li>\n<li>Resoluci\u00f3n: <strong>0.15 mm<\/strong><\/li>\n<li>Tiempo: aproximadamente <strong>40 minutos<\/strong>.<\/li>\n<\/ul>\n<p>[\/vc_column_text][\/vc_column][\/vc_row][vc_row el_id=\u00bbmaqueta\u00bb][vc_column width=\u00bb1\/3&#8243;][vc_custom_heading text=\u00bbMaqueta de Terreno\u00bb font_container=\u00bbtag:h4|text_align:left\u00bb use_theme_fonts=\u00bbyes\u00bb][vc_column_text]Primer intento de hacer algo \u00abgrande\u00bb, sin saber bien cuanto tiempo iba a tardar la impresi\u00f3n. La idea surgi\u00f3 al encontrar una peque\u00f1a aplicaci\u00f3n web que tomaba datos de elevaciones de modelos digitales de terreno y los transformaba en mallas STL adecuadas para la impresi\u00f3n 3D.<\/p>\n<p>A mi padre siempre le ha gustado trabajar con mapas, hacer maquetas de curvas de nivel en contrachapado, pintar para ver relieves. As\u00ed que nada mejor que modernizarse e intentarlo con la impresora. La zona escogida es bien conocida en casa, representa la costa asturiana desde Llanes hasta Unquera. Por el interior se llega a ver el macizo oriental de los Picos de Europa.[\/vc_column_text][\/vc_column][vc_column width=\u00bb2\/3&#8243;][vc_gallery interval=\u00bb5&#8243; images=\u00bb833,834,835,836,837&#8243; img_size=\u00bblarge\u00bb][\/vc_column][\/vc_row][vc_row][vc_column][vc_column_text css=\u00bb.vc_custom_1502226648013{background-color: #dbdbdb !important;border-radius: 15px !important;}\u00bb]<\/p>\n<ul>\n<li>Material: <strong>PLA<\/strong> (el de regalo de Prusa)<\/li>\n<li>Resoluci\u00f3n: <strong>0.35 mm<\/strong><\/li>\n<li>Tiempo: aproximadamente <strong>8 horas<\/strong>.<\/li>\n<\/ul>\n<p>[\/vc_column_text][\/vc_column][\/vc_row][vc_row bg_type=\u00bbbg_color\u00bb seperator_enable=\u00bbseperator_enable_value\u00bb seperator_type=\u00bbtilt_left_seperator\u00bb seperator_svg_height=\u00bb30&#8243; seperator_shape_background=\u00bb#f9f9f9&#8243; bg_color_value=\u00bb#c1c1c1&#8243; el_id=\u00bbsoportefil\u00bb css=\u00bb.vc_custom_1504215823886{background-color: #c1c1c1 !important;}\u00bb][vc_column width=\u00bb1\/2&#8243;][vc_single_image image=\u00bb841&#8243; img_size=\u00bblarge\u00bb alignment=\u00bbcenter\u00bb onclick=\u00bblink_image\u00bb][vc_single_image image=\u00bb842&#8243; img_size=\u00bblarge\u00bb alignment=\u00bbcenter\u00bb onclick=\u00bblink_image\u00bb][\/vc_column][vc_column width=\u00bb1\/2&#8243;][vc_custom_heading text=\u00bbSoporte para Filamento\u00bb font_container=\u00bbtag:h4|text_align:left\u00bb use_theme_fonts=\u00bbyes\u00bb][vc_column_text]Esta es de momento la \u00fanica mejora que he hecho a la impresora. El soporte del carrete de filamento original deja bastante que desear, no sigue la pauta de calidad y dise\u00f1o del resto de la impresora. Tirones durante la impresi\u00f3n, riesgo de caerse sobre la pieza, etc.<\/p>\n<p>Hay muchos modelos disponibles en la red que pueden funcionar correctamente, pero este me llam\u00f3 m\u00e1s la atenci\u00f3n. Se puede descargar desde <a href=\"https:\/\/www.thingiverse.com\/thing:1832235\" target=\"_blank\" rel=\"noopener noreferrer\">Thingiverse<\/a>, el dise\u00f1o no desentona nada con el resto de la impresora y funciona perfectamente, suave como la seda.<\/p>\n<p>Necesita como elemento externo cuatro rodamientos, son de medida estandar y normalmente usados en las ruedas de los patines. Los encontr\u00e9 muy baratos en <a href=\"http:\/\/amzn.to\/2wlXlbm\" target=\"_blank\" rel=\"noopener noreferrer\">Amazon<\/a>.<\/p>\n<p>El material empleado es <strong>PETG (copoliester)<\/strong> de la casa espa\u00f1ola Smart Materials 3D. Me cost\u00f3 un poco encontrar las temperaturas, ventiladores, velocidades adecuadas. Pero a d\u00eda de hoy es uno de los materiales que m\u00e1s me gustan. Resistente a temperatura, qu\u00edmicos, rozamiento, duro y a la vez algo flexible, tacto suave agradable. Sirve para hacer piezas funcionales sin problema ninguno y es una gran alternativa al pl\u00e1stico ABS.[\/vc_column_text][vc_column_text css=\u00bb.vc_custom_1504217598578{background-color: #4f4f4f !important;border-radius: 15px !important;}\u00bb]<\/p>\n<ul>\n<li><span style=\"color: #ffffff;\">Material: <strong>PETG<\/strong> (Smartfil de Smart Materials 3D)<\/span><\/li>\n<li><span style=\"color: #ffffff;\">Resoluci\u00f3n: <strong>0.20 mm<\/strong><\/span><\/li>\n<li><span style=\"color: #ffffff;\">Tiempo: m\u00e1s de <strong>9 horas<\/strong>.<\/span><\/li>\n<\/ul>\n<p>[\/vc_column_text][\/vc_column][\/vc_row][vc_row bg_type=\u00bbbg_color\u00bb seperator_enable=\u00bbseperator_enable_value\u00bb seperator_type=\u00bbtilt_right_seperator\u00bb seperator_svg_height=\u00bb30&#8243; seperator_shape_background=\u00bb#c1c1c1&#8243; el_id=\u00bbtulipas\u00bb][vc_column width=\u00bb1\/2&#8243;][vc_empty_space height=\u00bb20px\u00bb][vc_custom_heading text=\u00bbTulipas para L\u00e1mpara\u00bb font_container=\u00bbtag:h4|text_align:left\u00bb use_theme_fonts=\u00bbyes\u00bb][vc_column_text]Hac\u00eda tiempo que ten\u00eda rotas las tulipas del aplique del ba\u00f1o. Dif\u00edciles de encontrar porque el sistema de sujeci\u00f3n es de hace muchos a\u00f1os y ya ha cambiado. As\u00ed que decid\u00ed hac\u00e9rmelas. Unas medidas tomadas sobre la original, un dise\u00f1o sencillo y a la impresora. Me gusta como han quedado.<\/p>\n<p>Est\u00e1n hechas en PETG blanco trasl\u00facido. Una pared de s\u00f3lo 0.8 mm de grosor hace que deje pasar bien la luz. Los detalles de dise\u00f1o los pod\u00e9is ver en esta <a href=\"http:\/\/gilitadas.com\/blog\/diseno-3d-tulipas-para-lampara\/\">entrada<\/a>.[\/vc_column_text][vc_column_text css=\u00bb.vc_custom_1505940298112{border-top-width: 1px !important;border-right-width: 1px !important;border-bottom-width: 1px !important;border-left-width: 1px !important;background-color: #ffffff !important;border-left-color: #c6c6c6 !important;border-left-style: solid !important;border-right-color: #c6c6c6 !important;border-right-style: solid !important;border-top-color: #c6c6c6 !important;border-top-style: solid !important;border-bottom-color: #c6c6c6 !important;border-bottom-style: solid !important;border-radius: 15px !important;}\u00bb]<\/p>\n<ul>\n<li><span style=\"color: #000000;\">Material: <strong>PETG<\/strong> (Smartfil de Smart Materials 3D)<\/span><\/li>\n<li><span style=\"color: #000000;\">Resoluci\u00f3n: <strong>0.35 mm<\/strong><\/span><\/li>\n<li><span style=\"color: #000000;\">Tiempo: <strong>2 horas<\/strong>.<\/span><\/li>\n<\/ul>\n<p>[\/vc_column_text][\/vc_column][vc_column width=\u00bb1\/2&#8243;][vc_empty_space][vc_gallery interval=\u00bb5&#8243; images=\u00bb878,879,880,881,882&#8243; img_size=\u00bblarge\u00bb][\/vc_column][\/vc_row][vc_row equal_height=\u00bbyes\u00bb bg_type=\u00bbgrad\u00bb seperator_enable=\u00bbseperator_enable_value\u00bb seperator_type=\u00bbcurve_up_seperator\u00bb seperator_svg_height=\u00bb30&#8243; seperator_shape_background=\u00bb#f9f9f9&#8243; bg_grad=\u00bbbackground: -webkit-gradient(linear, left top, left bottom, color-stop(0%, #F5F5F5), color-stop(32%, #F9F9F9), color-stop(87%, #EDAF58));background: -moz-linear-gradient(top,#F5F5F5 0%,#F9F9F9 32%,#EDAF58 87%);background: -webkit-linear-gradient(top,#F5F5F5 0%,#F9F9F9 32%,#EDAF58 87%);background: -o-linear-gradient(top,#F5F5F5 0%,#F9F9F9 32%,#EDAF58 87%);background: -ms-linear-gradient(top,#F5F5F5 0%,#F9F9F9 32%,#EDAF58 87%);background: linear-gradient(top,#F5F5F5 0%,#F9F9F9 32%,#EDAF58 87%);\u00bb el_id=\u00bbmotorbrushless\u00bb css=\u00bb.vc_custom_1512576114023{margin-bottom: -10px !important;}\u00bb][vc_column width=\u00bb2\/3&#8243;][vc_gallery interval=\u00bb5&#8243; images=\u00bb1055,1056,1057,1058,1059,1060,1054&#8243; img_size=\u00bblarge\u00bb][vc_column_text css=\u00bb.vc_custom_1512578914771{background-color: #dbdbdb !important;border-radius: 15px !important;}\u00bb]<\/p>\n<ul>\n<li>Material: <strong>PLA<\/strong> (el de regalo de Prusa)<\/li>\n<li>Resoluci\u00f3n: <strong>0.20 mm<\/strong><\/li>\n<li>Tiempo: aproximadamente <strong>30 horas<\/strong>.<\/li>\n<\/ul>\n<p>[\/vc_column_text][vc_column_text css=\u00bb.vc_custom_1512578952915{background-color: #686868 !important;border-radius: 15px !important;}\u00bb]<\/p>\n<ul>\n<li><span style=\"color: #ffffff;\">Material: <strong>PLA Magnetic Iron<\/strong>\u00a0(Proto-Pasta)<\/span><\/li>\n<li><span style=\"color: #ffffff;\">Resoluci\u00f3n: <strong>0.20 mm<\/strong><\/span><\/li>\n<li><span style=\"color: #ffffff;\">Tiempo: m\u00e1s de <strong>8 horas<\/strong>.<\/span><\/li>\n<\/ul>\n<p>[\/vc_column_text][\/vc_column][vc_column width=\u00bb1\/3&#8243;][vc_custom_heading text=\u00bbMotor Brushless\u00bb font_container=\u00bbtag:h4|text_align:left\u00bb use_theme_fonts=\u00bbyes\u00bb][vc_column_text]Mi primer encargo de impresi\u00f3n fue a lo grande. Ya conoc\u00eda el imponente <a href=\"https:\/\/www.makesea.com\/web\/cla\/~\/50612\/profile\/-\/asset_publisher\/Rl6cqGtVw4Vb\/content\/660-watt-3d-printed-halbach-array-brushless-motor?inheritRedirect=false&amp;redirect=https%3A%2F%2Fwww.makesea.com%2Fweb%2Fcla%2F~%2F50612%2Fprofile%3Fp_p_id%3D101_INSTANCE_Rl6cqGtVw4Vb%26p_p_lifecycle%3D0%26p_p_state%3Dnormal%26p_p_mode%3Dview%26p_p_col_id%3Dcolumn-1%26p_p_col_count%3D4\" target=\"_blank\" rel=\"noopener noreferrer\">motor brushless de 600W<\/a> hecho entero en 3D, y me hab\u00eda tocado imprimirlo a mi !!\u00a0 Vaya responsabilidad, pero quien dijo miedo&#8230; Le coment\u00e9 al cliente que el material a usar deber\u00eda ser PETG para que tuviera la resistencia mec\u00e1nica y a la temperatura adecuadas. Pero \u00e9l quiso hacerlo m\u00e1s barato en PLA y as\u00ed fue.<\/p>\n<p>El motor est\u00e1 fant\u00e1sticamente dise\u00f1ado en varias piezas que encajan a la perfecci\u00f3n. S\u00f3lo falta a\u00f1adir las partes no impresas: el eje de acero, torniller\u00eda y rodamientos.<\/p>\n<p>Las piezas m\u00e1s cr\u00edticas son las dos mitades del n\u00facleo del est\u00e1tor, van a soportar el bobinado de cable de cobre.\u00a0Para que el motor tenga el rendimiento adecuado, el est\u00e1tor debe ser de material ferromagn\u00e9tico. En impresi\u00f3n 3D por filamento fundido, esto se consigue utilizando un PLA compuesto que lleva embebido polvo de hierro. Una vez acabada la pieza se comporta como si fuera de hierro frente a los imanes. Es un material delicado de imprimir (fr\u00e1gil en filamento y erosiona la boquilla de la impresora), pero mi Prusa ha realizado el trabajo a la perfecci\u00f3n.[\/vc_column_text][\/vc_column][\/vc_row][vc_row el_id=\u00bbcono\u00bb][vc_column width=\u00bb1\/2&#8243;][vc_custom_heading text=\u00bbCono para H\u00e9lice Plegable\u00bb font_container=\u00bbtag:h4|text_align:right\u00bb use_theme_fonts=\u00bbyes\u00bb][vc_column_text]Un capricho para mi. Necesitaba un cono de h\u00e9lice para mi Spitfire de radiocontrol (esa impresi\u00f3n merece casi p\u00e1gina completa, la veis a continuaci\u00f3n), como no encontraba nada que se ajustase bien a \u00e9l, decid\u00ed dise\u00f1arlo e imprimirlo.<\/p>\n<p>Los detalles de dise\u00f1o los pod\u00e9is ver en <a href=\"http:\/\/gilitadas.com\/blog\/diseno-3d-cono-para-helice-plegable\/\">esta entrada<\/a>. En cuanto a la impresi\u00f3n, es sencilla y en PLA de alta calidad de Smart Materials. Siempre me ha gustado esta marca, buenos acabados y resistencia m\u00e1s que suficiente para este cometido.[\/vc_column_text][vc_column_text css=\u00bb.vc_custom_1546023498053{background-color: #ff0000 !important;border-radius: 15px !important;}\u00bb]<\/p>\n<ul>\n<li><span style=\"color: #ffffff;\">Material: <strong>PLA<\/strong> (Premium de Smart Materials 3D)<\/span><\/li>\n<li><span style=\"color: #ffffff;\">Resoluci\u00f3n: <strong>0.20 mm<\/strong><\/span><\/li>\n<li><span style=\"color: #ffffff;\">Tiempo: aproximadamente <strong>1.5 horas<\/strong>.<\/span><\/li>\n<\/ul>\n<p>[\/vc_column_text][\/vc_column][vc_column width=\u00bb1\/2&#8243;][vc_gallery interval=\u00bb5&#8243; images=\u00bb1239,1240,1241,1242,1243&#8243; img_size=\u00bblarge\u00bb][\/vc_column][\/vc_row][vc_row][vc_column width=\u00bb2\/3&#8243;][vc_single_image image=\u00bb1570&#8243; img_size=\u00bblarge\u00bb alignment=\u00bbcenter\u00bb onclick=\u00bblink_image\u00bb][\/vc_column][vc_column width=\u00bb1\/3&#8243;][vc_custom_heading text=\u00bbAvi\u00f3n RC\u00bb font_container=\u00bbtag:h4|text_align:left\u00bb use_theme_fonts=\u00bbyes\u00bb][vc_column_text]Uno de mis proyectos m\u00e1s emblem\u00e1ticos y completos: un avi\u00f3n RC completamente funcional. Me he ido especializando en la t\u00e9cnica de capa fina y con materiales m\u00e1s t\u00e9cnicos, que permiten obtener resultados \u00f3ptimos para el vuelo radiocontrolado. En este caso el primero de varios que ya he imprimido, un Spitfire Mk XVI de <a href=\"https:\/\/3dlabprint.com\/\" target=\"_blank\" rel=\"noopener noreferrer\">3DLabPrint<\/a>.<\/p>\n<p>La construcci\u00f3n completa merece la pena toda una <a href=\"http:\/\/gilitadas.com\/blog\/impresion-3d-avion-rc-spitfire-mkxvi-de-3dlabprint\/\" target=\"_blank\" rel=\"noopener noreferrer\">entrada en el blog<\/a> para explicar los detalles. Impreso en PLA Ingeo 850 de Smart Materials, en color natural trasl\u00facido porque quise que fuera un demostrador de la t\u00e9cnica y que se aprecien todos los detalles constructivos.[\/vc_column_text][vc_column_text css=\u00bb.vc_custom_1576259194918{background-color: #ffffff !important;border-radius: 15px !important;}\u00bb]<\/p>\n<ul>\n<li><span style=\"color: #333333;\">Material: <strong>PLA Ingeo 850<\/strong> (Smart Materials 3D)<\/span><\/li>\n<li><span style=\"color: #333333;\">Resoluci\u00f3n: <strong>0.20 mm<\/strong><\/span><\/li>\n<li><span style=\"color: #333333;\">Tiempo: aproximadamente <strong>50 horas<\/strong>.<\/span><\/li>\n<\/ul>\n<p>[\/vc_column_text][\/vc_column][\/vc_row]<\/p>\n<\/div>","protected":false},"excerpt":{"rendered":"<p>[vc_row bg_type=\u00bbbg_color\u00bb bg_color_value=\u00bb#eaeaea\u00bb][vc_column width=\u00bb1\/2&#8243;][vc_column_text]En esta p\u00e1gina ir\u00e9 colocando algunos ejemplos de impresiones interesantes o que considere tienen cierta relevancia. No obstante si quer\u00e9is ver muchos m\u00e1s trabajos, desde los sencillos a los m\u00e1s complicados, y de forma m\u00e1s din\u00e1mica, pod\u00e9is seguir mis publicaciones en las redes sociales pulsando en los enlaces de la derecha.[\/vc_column_text][\/vc_column][vc_column width=\u00bb1\/2&#8243;][\/vc_column][\/vc_row][vc_row [&hellip;]<\/p>\n","protected":false},"author":1,"featured_media":0,"parent":0,"menu_order":0,"comment_status":"open","ping_status":"open","template":"","meta":{"_exactmetrics_skip_tracking":false,"_exactmetrics_sitenote_active":false,"_exactmetrics_sitenote_note":"","_exactmetrics_sitenote_category":0,"footnotes":""},"class_list":["post-792","page","type-page","status-publish","hentry"],"_links":{"self":[{"href":"http:\/\/gilitadas.com\/blog\/wp-json\/wp\/v2\/pages\/792"}],"collection":[{"href":"http:\/\/gilitadas.com\/blog\/wp-json\/wp\/v2\/pages"}],"about":[{"href":"http:\/\/gilitadas.com\/blog\/wp-json\/wp\/v2\/types\/page"}],"author":[{"embeddable":true,"href":"http:\/\/gilitadas.com\/blog\/wp-json\/wp\/v2\/users\/1"}],"replies":[{"embeddable":true,"href":"http:\/\/gilitadas.com\/blog\/wp-json\/wp\/v2\/comments?post=792"}],"version-history":[{"count":24,"href":"http:\/\/gilitadas.com\/blog\/wp-json\/wp\/v2\/pages\/792\/revisions"}],"predecessor-version":[{"id":1793,"href":"http:\/\/gilitadas.com\/blog\/wp-json\/wp\/v2\/pages\/792\/revisions\/1793"}],"wp:attachment":[{"href":"http:\/\/gilitadas.com\/blog\/wp-json\/wp\/v2\/media?parent=792"}],"curies":[{"name":"wp","href":"https:\/\/api.w.org\/{rel}","templated":true}]}}