{"id":495,"date":"2016-05-03T08:55:38","date_gmt":"2016-05-03T07:55:38","guid":{"rendered":"http:\/\/gilitadas.com\/blog\/?page_id=495"},"modified":"2024-11-08T14:38:49","modified_gmt":"2024-11-08T13:38:49","slug":"antena-j-pole-sencilla-para-ads-b","status":"publish","type":"page","link":"http:\/\/gilitadas.com\/blog\/antena-j-pole-sencilla-para-ads-b\/","title":{"rendered":"Antena J-Pole sencilla para ADS-B"},"content":{"rendered":"<div class=\"wpb-content-wrapper\"><p>[vc_row][vc_column width=\u00bb1\/2&#8243;][vc_column_text]Hoy os ense\u00f1o otra opci\u00f3n para construir una antena para la recepci\u00f3n de se\u00f1ales ADS-B. Esta antena es una alternativa bien sencilla y barata a la <a href=\"http:\/\/gilitadas.com\/blog\/antena-para-ads-b\/\">antena coaxial colineal<\/a> que ya publiqu\u00e9 hace alg\u00fan tiempo.<\/p>\n<p>Se trata de una <strong>antena tipo J-Pole<\/strong>, se fabrica en apenas 5 minutos con cualquier alambre que tengamos por casa. La verdad es que es adecuada para todos aquellos que no se atreven con las manualidades o para los perezosos que quieren resultados r\u00e1pidos. Aun as\u00ed, el resultado os puede sorprender.[\/vc_column_text][vc_column_text]Como veis la construcci\u00f3n es bien sencilla. Se podr\u00eda terminar de forma un poco m\u00e1s \u00abprofesional\u00bb, con un conector para el cable coaxial y un tubo que tape la antena y la proteja de la intemperie. Pero he querido simplificar al m\u00e1ximo para animar a todos a mejorar ligeramente su recepci\u00f3n de datos de forma gratuita y con muy poco tiempo.<\/p>\n<p>Las medidas para la frecuencia de trabajo de 1090 MHz son las que se ven en el gr\u00e1fico de la derecha. No obstante si alguien quiere usarla para otras frecuencias, hay calculadoras on-line que nos dar\u00e1n los valores necesarios.[\/vc_column_text]<div class=\"flip-box-wrap\" style=\"\"><div class=\"flip-box ifb-jq-height  horizontal_door_flip flip-ifb-jq-height\" data-animation=\"\" data-animation-delay=\"03\" style=\"\" ><div class=\"ifb-flip-box\" id=\"flip-box-wrap-5312\"><div class=\"ifb-face ifb-front \" style=\"color:#333333;background:#efefef; border-style: solid;border-width: 1px; border-color:#a4a4a4; \">\n\t\t\t\t\t\t\t<div class=\"ifb-flip-box-section \">\n\t\t\t\t\t\t\t<div class=\"flip-box-icon\"><div class=\"ult-just-icon-wrapper  \"><div class=\"align-icon\" style=\"text-align:center;\">\n<div class=\"aio-icon none \"  style=\"color:#420000;font-size:32px;display:inline-block;\">\n\t<i class=\"Defaults-calculator\"><\/i>\n<\/div><\/div><\/div><\/div><\/div><\/div><!-- END .front -->\n\t\t\t\t\t\t<div class=\"ifb-face ifb-back\" style=\"color:#333333;background:#efefef; border-style: solid;border-width: 1px; border-color:#a4a4a4; \">\n\t\t\t\t\t\t\t<div class=\"ifb-flip-box-section \"><div class=\"flip_link\"><a href=\"https:\/\/www.changpuak.ch\/electronics\/J-Pole_Antenna-Designer.php\" target=\"_blank\" rel=\"noopener\"  style=\"background:#cccccc; color:#4f4f4f;\">Calculadora para antenas J-Pole<\/a><\/div><\/div><\/div><!-- END .back --><\/div> <!-- ifb-flip-box --><\/div> <!-- flip-box --><\/div><!-- End icon block -->[\/vc_column][vc_column width=\u00bb1\/2&#8243;][vc_single_image image=\u00bb501&#8243; img_size=\u00bblarge\u00bb alignment=\u00bbcenter\u00bb css_animation=\u00bbappear\u00bb][\/vc_column][\/vc_row][vc_row][vc_column][vc_text_separator title=\u00bbPasa sobre las im\u00e1genes o pincha en ellas para detalles\u00bb border_width=\u00bb2&#8243; el_width=\u00bb70&#8243;][\/vc_column][\/vc_row][vc_row][vc_column][vc_media_grid item=\u00bbmediaGrid_SlideOutCaption\u00bb initial_loading_animation=\u00bblightSpeedIn\u00bb grid_id=\u00bbvc_gid:1731073084567-95397ce070f840379decd1071f07349b-1&#8243; include=\u00bb503,504,505,506,507,508,509,510,511&#8243;][\/vc_column][\/vc_row]<\/p>\n<\/div>","protected":false},"excerpt":{"rendered":"<p>[vc_row][vc_column width=\u00bb1\/2&#8243;][vc_column_text]Hoy os ense\u00f1o otra opci\u00f3n para construir una antena para la recepci\u00f3n de se\u00f1ales ADS-B. Esta antena es una alternativa bien sencilla y barata a la antena coaxial colineal que ya publiqu\u00e9 hace alg\u00fan tiempo. Se trata de una antena tipo J-Pole, se fabrica en apenas 5 minutos con cualquier alambre que tengamos por [&hellip;]<\/p>\n","protected":false},"author":1,"featured_media":501,"parent":0,"menu_order":0,"comment_status":"open","ping_status":"open","template":"","meta":{"_exactmetrics_skip_tracking":false,"_exactmetrics_sitenote_active":false,"_exactmetrics_sitenote_note":"","_exactmetrics_sitenote_category":0,"footnotes":""},"class_list":["post-495","page","type-page","status-publish","has-post-thumbnail","hentry"],"_links":{"self":[{"href":"http:\/\/gilitadas.com\/blog\/wp-json\/wp\/v2\/pages\/495"}],"collection":[{"href":"http:\/\/gilitadas.com\/blog\/wp-json\/wp\/v2\/pages"}],"about":[{"href":"http:\/\/gilitadas.com\/blog\/wp-json\/wp\/v2\/types\/page"}],"author":[{"embeddable":true,"href":"http:\/\/gilitadas.com\/blog\/wp-json\/wp\/v2\/users\/1"}],"replies":[{"embeddable":true,"href":"http:\/\/gilitadas.com\/blog\/wp-json\/wp\/v2\/comments?post=495"}],"version-history":[{"count":25,"href":"http:\/\/gilitadas.com\/blog\/wp-json\/wp\/v2\/pages\/495\/revisions"}],"predecessor-version":[{"id":1945,"href":"http:\/\/gilitadas.com\/blog\/wp-json\/wp\/v2\/pages\/495\/revisions\/1945"}],"wp:featuredmedia":[{"embeddable":true,"href":"http:\/\/gilitadas.com\/blog\/wp-json\/wp\/v2\/media\/501"}],"wp:attachment":[{"href":"http:\/\/gilitadas.com\/blog\/wp-json\/wp\/v2\/media?parent=495"}],"curies":[{"name":"wp","href":"https:\/\/api.w.org\/{rel}","templated":true}]}}