{"id":264,"date":"2015-09-02T10:32:38","date_gmt":"2015-09-02T09:32:38","guid":{"rendered":"http:\/\/gilitadas.com\/blog\/?page_id=264"},"modified":"2017-11-22T14:52:11","modified_gmt":"2017-11-22T13:52:11","slug":"meteorologia","status":"publish","type":"page","link":"http:\/\/gilitadas.com\/blog\/meteorologia\/","title":{"rendered":"Meteorolog\u00eda"},"content":{"rendered":"<div class=\"wpb-content-wrapper\"><p>[vc_row bg_type=\u00bbimage\u00bb parallax_style=\u00bbvcpb-default\u00bb bg_image_new=\u00bb104|http:\/\/gilitadas.com\/blog\/wp-content\/uploads\/2015\/03\/slider1-orto.png\u00bb bg_image_repeat=\u00bbno-repeat\u00bb bg_img_attach=\u00bbfixed\u00bb seperator_enable=\u00bbseperator_enable_value\u00bb seperator_type=\u00bbcurve_up_seperator\u00bb seperator_position=\u00bbbottom_seperator\u00bb seperator_svg_height=\u00bb60&#8243; seperator_shape_background=\u00bb#f9f9f9&#8243; css=\u00bb.vc_custom_1463253020639{background-color: #f9f9f9 !important;}\u00bb][vc_column][vc_empty_space height=\u00bb40px\u00bb]<div id=\"ultimate-heading-812469f8c29f42d63\" class=\"uvc-heading ult-adjust-bottom-margin ultimate-heading-812469f8c29f42d63 uvc-7856 \" data-hspacer=\"line_only\"  data-halign=\"center\" style=\"text-align:center\"><div class=\"uvc-main-heading ult-responsive\"  data-ultimate-target='.uvc-heading.ultimate-heading-812469f8c29f42d63 h1'  data-responsive-json-new='{\"font-size\":\"desktop:50px;\",\"line-height\":\"desktop:30px;\"}' ><h1 style=\"font-family:&#039;Annie Use Your Telescope&#039;;font-weight:bold;color:#e0e0e0;margin-top:130px;margin-bottom:30px;\">El Mundo de la Meteorolog\u00eda<\/h1><\/div><div class=\"uvc-heading-spacer line_only\" style=\"topheight:1px;\"><span class=\"uvc-headings-line\" style=\"border-style:inset;border-bottom-width:1px;border-color:#b5b5b5;width:1px;\"><\/span><\/div><div class=\"uvc-sub-heading ult-responsive\"  data-ultimate-target='.uvc-heading.ultimate-heading-812469f8c29f42d63 .uvc-sub-heading '  data-responsive-json-new='{\"font-size\":\"desktop:30px;\",\"line-height\":\"\"}'  style=\"font-weight:bold;color:#dbdbdb;margin-top:20px;margin-bottom:20px;\">contado por un aficionado<\/p>\n<p><\/div><\/div>[vc_empty_space][\/vc_column][\/vc_row][vc_row css=\u00bb.vc_custom_1463255521160{background-color: #f9f9f9 !important;}\u00bb][vc_column][vc_cta h2=\u00bbEstaci\u00f3n Meteorol\u00f3gica\u00bb txt_align=\u00bbcenter\u00bb add_button=\u00bbbottom\u00bb btn_title=\u00bbIr a la estaci\u00f3n\u00bb btn_align=\u00bbcenter\u00bb btn_css_animation=\u00bbright-to-left\u00bb css_animation=\u00bbappear\u00bb btn_link=\u00bburl:http%3A%2F%2Fgilitadas.com%2Fblog%2Festacion%2F||\u00bb]Accede aqu\u00ed para ver <strong>El Tiempo en Lugo<\/strong>, datos en tiempo real de la estaci\u00f3n meteorol\u00f3gica de la Avenida de Ram\u00f3n Ferreiro. Ofrecidos de nuevo por <strong><em><span style=\"color: #800000;\">Gil<\/span><span style=\"color: #ff0000;\">itadas<\/span><\/em><\/strong><\/p>\n<p><img loading=\"lazy\" decoding=\"async\" class=\"aligncenter size-full wp-image-535\" src=\"http:\/\/gilitadas.com\/blog\/wp-content\/uploads\/2015\/09\/gauges.png\" alt=\"El Tiempo en Lugo. Gilitadas\" width=\"580\" height=\"188\" srcset=\"http:\/\/gilitadas.com\/blog\/wp-content\/uploads\/2015\/09\/gauges.png 580w, http:\/\/gilitadas.com\/blog\/wp-content\/uploads\/2015\/09\/gauges-300x97.png 300w\" sizes=\"(max-width: 580px) 100vw, 580px\" \/>[\/vc_cta][\/vc_column][\/vc_row]<\/p>\n<\/div>","protected":false},"excerpt":{"rendered":"<p>[vc_row bg_type=\u00bbimage\u00bb parallax_style=\u00bbvcpb-default\u00bb bg_image_new=\u00bb104|http:\/\/gilitadas.com\/blog\/wp-content\/uploads\/2015\/03\/slider1-orto.png\u00bb bg_image_repeat=\u00bbno-repeat\u00bb bg_img_attach=\u00bbfixed\u00bb seperator_enable=\u00bbseperator_enable_value\u00bb seperator_type=\u00bbcurve_up_seperator\u00bb seperator_position=\u00bbbottom_seperator\u00bb seperator_svg_height=\u00bb60&#8243; seperator_shape_background=\u00bb#f9f9f9&#8243; css=\u00bb.vc_custom_1463253020639{background-color: #f9f9f9 !important;}\u00bb][vc_column][vc_empty_space height=\u00bb40px\u00bb][vc_empty_space][\/vc_column][\/vc_row][vc_row css=\u00bb.vc_custom_1463255521160{background-color: #f9f9f9 !important;}\u00bb][vc_column][vc_cta h2=\u00bbEstaci\u00f3n Meteorol\u00f3gica\u00bb txt_align=\u00bbcenter\u00bb add_button=\u00bbbottom\u00bb btn_title=\u00bbIr a la estaci\u00f3n\u00bb btn_align=\u00bbcenter\u00bb btn_css_animation=\u00bbright-to-left\u00bb css_animation=\u00bbappear\u00bb btn_link=\u00bburl:http%3A%2F%2Fgilitadas.com%2Fblog%2Festacion%2F||\u00bb]Accede aqu\u00ed para ver El Tiempo en Lugo, datos en tiempo real de la estaci\u00f3n meteorol\u00f3gica de la Avenida de Ram\u00f3n Ferreiro. Ofrecidos de nuevo por [&hellip;]<\/p>\n","protected":false},"author":1,"featured_media":0,"parent":0,"menu_order":0,"comment_status":"closed","ping_status":"closed","template":"","meta":{"_exactmetrics_skip_tracking":false,"_exactmetrics_sitenote_active":false,"_exactmetrics_sitenote_note":"","_exactmetrics_sitenote_category":0,"footnotes":""},"class_list":["post-264","page","type-page","status-publish","hentry"],"_links":{"self":[{"href":"http:\/\/gilitadas.com\/blog\/wp-json\/wp\/v2\/pages\/264"}],"collection":[{"href":"http:\/\/gilitadas.com\/blog\/wp-json\/wp\/v2\/pages"}],"about":[{"href":"http:\/\/gilitadas.com\/blog\/wp-json\/wp\/v2\/types\/page"}],"author":[{"embeddable":true,"href":"http:\/\/gilitadas.com\/blog\/wp-json\/wp\/v2\/users\/1"}],"replies":[{"embeddable":true,"href":"http:\/\/gilitadas.com\/blog\/wp-json\/wp\/v2\/comments?post=264"}],"version-history":[{"count":31,"href":"http:\/\/gilitadas.com\/blog\/wp-json\/wp\/v2\/pages\/264\/revisions"}],"predecessor-version":[{"id":992,"href":"http:\/\/gilitadas.com\/blog\/wp-json\/wp\/v2\/pages\/264\/revisions\/992"}],"wp:attachment":[{"href":"http:\/\/gilitadas.com\/blog\/wp-json\/wp\/v2\/media?parent=264"}],"curies":[{"name":"wp","href":"https:\/\/api.w.org\/{rel}","templated":true}]}}